{"id":277,"date":"2022-02-27T22:00:47","date_gmt":"2022-02-27T21:00:47","guid":{"rendered":"http:\/\/web1130.salomon.super-online.de\/wp\/?page_id=277"},"modified":"2025-07-01T13:49:34","modified_gmt":"2025-07-01T11:49:34","slug":"wie-koennen-sie-uns-unterstuetzen","status":"publish","type":"page","link":"https:\/\/www.kitaverbund-kalltal.de\/?page_id=277","title":{"rendered":"WIE K\u00d6NNEN SIE UNS UNTERST\u00dcTZEN"},"content":{"rendered":"\n<h2 class=\"wp-block-heading\"><\/h2>\n\n\n\n<p>Werden Sie Mitglied bei uns!<br><\/p>\n\n\n\n<p>Der Mitgliedsbeitrag betr\u00e4gt lediglich 12,00 \u20ac pro Jahr oder kann auf einen beliebig h\u00f6heren Betrag festgesetzt werden.<\/p>\n\n\n\n<div class=\"wp-block-buttons is-layout-flex wp-block-buttons-is-layout-flex\">\n<div class=\"wp-block-button has-custom-width wp-block-button__width-100 is-style-outline is-style-outline--1\"><a class=\"wp-block-button__link has-small-font-size has-custom-font-size wp-element-button\" href=\"https:\/\/www.kitaverbund-kalltal.de\/wp-content\/uploads\/Beitrittserklaerung-PDF.pdf\" style=\"border-radius:0px\">BEITRITTSERKL\u00c4RUNG HERUNTERLADEN<\/a><\/div>\n<\/div>\n\n\n\n<p><\/p>\n\n\n\n<p>Auch durch eine Spende unterst\u00fctzen Sie den Verein und damit unsere Kinder im Kindergarten.<\/p>\n\n\n<div class=\"wp-block-image\">\n<figure class=\"aligncenter size-full is-resized\"><img loading=\"lazy\" decoding=\"async\" width=\"593\" height=\"585\" src=\"https:\/\/www.kitaverbund-kalltal.de\/wp-content\/uploads\/Paypal_2014_logo.png\" alt=\"\" class=\"wp-image-808\" style=\"width:109px;height:auto\" srcset=\"https:\/\/www.kitaverbund-kalltal.de\/wp-content\/uploads\/Paypal_2014_logo.png 593w, https:\/\/www.kitaverbund-kalltal.de\/wp-content\/uploads\/Paypal_2014_logo-300x296.png 300w, https:\/\/www.kitaverbund-kalltal.de\/wp-content\/uploads\/Paypal_2014_logo-100x100.png 100w\" sizes=\"auto, (max-width: 593px) 100vw, 593px\" \/><\/figure>\n<\/div>\n\n\n<center><form action=\"https:\/\/www.paypal.com\/donate\" method=\"post\" target=\"_top\"><input name=\"hosted_button_id\" type=\"hidden\" value=\"AXASTV875ADN6\"><br><input title=\"PayPal - The safer, easier way to pay online!\" alt=\"Spenden mit dem PayPal-Button\" name=\"submit\" src=\"https:\/\/www.paypalobjects.com\/de_DE\/DE\/i\/btn\/btn_donate_LG.gif\" type=\"image\"><br><img loading=\"lazy\" decoding=\"async\" src=\"https:\/\/www.paypal.com\/de_DE\/i\/scr\/pixel.gif\" alt=\"\" width=\"1\" height=\"1\" border=\"0\"><\/form><\/center>\n\n\n\n<h2 class=\"wp-block-heading\">BANKVERBINDUNG<\/h2>\n\n\n\n<div class=\"wp-block-columns is-layout-flex wp-container-core-columns-is-layout-9d6595d7 wp-block-columns-is-layout-flex\">\n<div class=\"wp-block-column is-layout-flow wp-block-column-is-layout-flow\">\n<p class=\"has-text-align-center\">F\u00f6rderverein Kitaverbund Kalletal e.V.<br>Sparkasse Aachen<br>IBAN: DE42 3905 0000 1071 4564 93<br>BIC: AACSDE33XXX<\/p>\n\n\n\n<p class=\"has-text-align-center\"><\/p>\n<\/div>\n<\/div>\n","protected":false},"excerpt":{"rendered":"<p>Werden Sie Mitglied bei uns! Der Mitgliedsbeitrag betr\u00e4gt lediglich 12,00 \u20ac pro Jahr oder kann auf einen beliebig h\u00f6heren Betrag festgesetzt werden. Auch durch eine Spende unterst\u00fctzen Sie den Verein und damit unsere Kinder im Kindergarten. BANKVERBINDUNG F\u00f6rderverein Kitaverbund Kalletal e.V.Sparkasse AachenIBAN: DE42 3905 0000 1071 4564 93BIC: AACSDE33XXX<\/p>\n","protected":false},"author":1,"featured_media":0,"parent":0,"menu_order":0,"comment_status":"closed","ping_status":"closed","template":"","meta":{"footnotes":""},"class_list":["post-277","page","type-page","status-publish","hentry"],"yoast_head":"<!-- This site is optimized with the Yoast SEO plugin v22.2 - https:\/\/yoast.com\/wordpress\/plugins\/seo\/ -->\n<title>WIE K\u00d6NNEN SIE UNS UNTERST\u00dcTZEN - KiTaverbund Kalltal<\/title>\n<meta name=\"robots\" content=\"index, follow, max-snippet:-1, max-image-preview:large, max-video-preview:-1\" \/>\n<link rel=\"canonical\" href=\"https:\/\/www.kitaverbund-kalltal.de\/?page_id=277\" \/>\n<meta property=\"og:locale\" content=\"de_DE\" \/>\n<meta property=\"og:type\" content=\"article\" \/>\n<meta property=\"og:title\" content=\"WIE K\u00d6NNEN SIE UNS UNTERST\u00dcTZEN - KiTaverbund Kalltal\" \/>\n<meta property=\"og:description\" content=\"Werden Sie Mitglied bei uns! Der Mitgliedsbeitrag betr\u00e4gt lediglich 12,00 \u20ac pro Jahr oder kann auf einen beliebig h\u00f6heren Betrag festgesetzt werden. Auch durch eine Spende unterst\u00fctzen Sie den Verein und damit unsere Kinder im Kindergarten. BANKVERBINDUNG F\u00f6rderverein Kitaverbund Kalletal e.V.Sparkasse AachenIBAN: DE42 3905 0000 1071 4564 93BIC: AACSDE33XXX\" \/>\n<meta property=\"og:url\" content=\"https:\/\/www.kitaverbund-kalltal.de\/?page_id=277\" \/>\n<meta property=\"og:site_name\" content=\"KiTaverbund Kalltal\" \/>\n<meta property=\"article:modified_time\" content=\"2025-07-01T11:49:34+00:00\" \/>\n<meta property=\"og:image\" content=\"https:\/\/www.kitaverbund-kalltal.de\/wp-content\/uploads\/Paypal_2014_logo.png\" \/>\n<meta name=\"twitter:card\" content=\"summary_large_image\" \/>\n<meta name=\"twitter:label1\" content=\"Gesch\u00e4tzte Lesezeit\" \/>\n\t<meta name=\"twitter:data1\" content=\"1\u00a0Minute\" \/>\n<script type=\"application\/ld+json\" class=\"yoast-schema-graph\">{\"@context\":\"https:\/\/schema.org\",\"@graph\":[{\"@type\":\"WebPage\",\"@id\":\"https:\/\/www.kitaverbund-kalltal.de\/?page_id=277\",\"url\":\"https:\/\/www.kitaverbund-kalltal.de\/?page_id=277\",\"name\":\"WIE K\u00d6NNEN SIE UNS UNTERST\u00dcTZEN - KiTaverbund Kalltal\",\"isPartOf\":{\"@id\":\"https:\/\/www.kitaverbund-kalltal.de\/#website\"},\"primaryImageOfPage\":{\"@id\":\"https:\/\/www.kitaverbund-kalltal.de\/?page_id=277#primaryimage\"},\"image\":{\"@id\":\"https:\/\/www.kitaverbund-kalltal.de\/?page_id=277#primaryimage\"},\"thumbnailUrl\":\"https:\/\/www.kitaverbund-kalltal.de\/wp-content\/uploads\/Paypal_2014_logo.png\",\"datePublished\":\"2022-02-27T21:00:47+00:00\",\"dateModified\":\"2025-07-01T11:49:34+00:00\",\"breadcrumb\":{\"@id\":\"https:\/\/www.kitaverbund-kalltal.de\/?page_id=277#breadcrumb\"},\"inLanguage\":\"de\",\"potentialAction\":[{\"@type\":\"ReadAction\",\"target\":[\"https:\/\/www.kitaverbund-kalltal.de\/?page_id=277\"]}]},{\"@type\":\"ImageObject\",\"inLanguage\":\"de\",\"@id\":\"https:\/\/www.kitaverbund-kalltal.de\/?page_id=277#primaryimage\",\"url\":\"https:\/\/www.kitaverbund-kalltal.de\/wp-content\/uploads\/Paypal_2014_logo.png\",\"contentUrl\":\"https:\/\/www.kitaverbund-kalltal.de\/wp-content\/uploads\/Paypal_2014_logo.png\",\"width\":593,\"height\":585},{\"@type\":\"BreadcrumbList\",\"@id\":\"https:\/\/www.kitaverbund-kalltal.de\/?page_id=277#breadcrumb\",\"itemListElement\":[{\"@type\":\"ListItem\",\"position\":1,\"name\":\"Startseite\",\"item\":\"https:\/\/www.kitaverbund-kalltal.de\/\"},{\"@type\":\"ListItem\",\"position\":2,\"name\":\"WIE K\u00d6NNEN SIE UNS UNTERST\u00dcTZEN\"}]},{\"@type\":\"WebSite\",\"@id\":\"https:\/\/www.kitaverbund-kalltal.de\/#website\",\"url\":\"https:\/\/www.kitaverbund-kalltal.de\/\",\"name\":\"Kitaverbund Kalltal\",\"description\":\"\",\"potentialAction\":[{\"@type\":\"SearchAction\",\"target\":{\"@type\":\"EntryPoint\",\"urlTemplate\":\"https:\/\/www.kitaverbund-kalltal.de\/?s={search_term_string}\"},\"query-input\":\"required name=search_term_string\"}],\"inLanguage\":\"de\"}]}<\/script>\n<!-- \/ Yoast SEO plugin. -->","yoast_head_json":{"title":"WIE K\u00d6NNEN SIE UNS UNTERST\u00dcTZEN - KiTaverbund Kalltal","robots":{"index":"index","follow":"follow","max-snippet":"max-snippet:-1","max-image-preview":"max-image-preview:large","max-video-preview":"max-video-preview:-1"},"canonical":"https:\/\/www.kitaverbund-kalltal.de\/?page_id=277","og_locale":"de_DE","og_type":"article","og_title":"WIE K\u00d6NNEN SIE UNS UNTERST\u00dcTZEN - KiTaverbund Kalltal","og_description":"Werden Sie Mitglied bei uns! Der Mitgliedsbeitrag betr\u00e4gt lediglich 12,00 \u20ac pro Jahr oder kann auf einen beliebig h\u00f6heren Betrag festgesetzt werden. Auch durch eine Spende unterst\u00fctzen Sie den Verein und damit unsere Kinder im Kindergarten. BANKVERBINDUNG F\u00f6rderverein Kitaverbund Kalletal e.V.Sparkasse AachenIBAN: DE42 3905 0000 1071 4564 93BIC: AACSDE33XXX","og_url":"https:\/\/www.kitaverbund-kalltal.de\/?page_id=277","og_site_name":"KiTaverbund Kalltal","article_modified_time":"2025-07-01T11:49:34+00:00","og_image":[{"url":"https:\/\/www.kitaverbund-kalltal.de\/wp-content\/uploads\/Paypal_2014_logo.png"}],"twitter_card":"summary_large_image","twitter_misc":{"Gesch\u00e4tzte Lesezeit":"1\u00a0Minute"},"schema":{"@context":"https:\/\/schema.org","@graph":[{"@type":"WebPage","@id":"https:\/\/www.kitaverbund-kalltal.de\/?page_id=277","url":"https:\/\/www.kitaverbund-kalltal.de\/?page_id=277","name":"WIE K\u00d6NNEN SIE UNS UNTERST\u00dcTZEN - KiTaverbund Kalltal","isPartOf":{"@id":"https:\/\/www.kitaverbund-kalltal.de\/#website"},"primaryImageOfPage":{"@id":"https:\/\/www.kitaverbund-kalltal.de\/?page_id=277#primaryimage"},"image":{"@id":"https:\/\/www.kitaverbund-kalltal.de\/?page_id=277#primaryimage"},"thumbnailUrl":"https:\/\/www.kitaverbund-kalltal.de\/wp-content\/uploads\/Paypal_2014_logo.png","datePublished":"2022-02-27T21:00:47+00:00","dateModified":"2025-07-01T11:49:34+00:00","breadcrumb":{"@id":"https:\/\/www.kitaverbund-kalltal.de\/?page_id=277#breadcrumb"},"inLanguage":"de","potentialAction":[{"@type":"ReadAction","target":["https:\/\/www.kitaverbund-kalltal.de\/?page_id=277"]}]},{"@type":"ImageObject","inLanguage":"de","@id":"https:\/\/www.kitaverbund-kalltal.de\/?page_id=277#primaryimage","url":"https:\/\/www.kitaverbund-kalltal.de\/wp-content\/uploads\/Paypal_2014_logo.png","contentUrl":"https:\/\/www.kitaverbund-kalltal.de\/wp-content\/uploads\/Paypal_2014_logo.png","width":593,"height":585},{"@type":"BreadcrumbList","@id":"https:\/\/www.kitaverbund-kalltal.de\/?page_id=277#breadcrumb","itemListElement":[{"@type":"ListItem","position":1,"name":"Startseite","item":"https:\/\/www.kitaverbund-kalltal.de\/"},{"@type":"ListItem","position":2,"name":"WIE K\u00d6NNEN SIE UNS UNTERST\u00dcTZEN"}]},{"@type":"WebSite","@id":"https:\/\/www.kitaverbund-kalltal.de\/#website","url":"https:\/\/www.kitaverbund-kalltal.de\/","name":"Kitaverbund Kalltal","description":"","potentialAction":[{"@type":"SearchAction","target":{"@type":"EntryPoint","urlTemplate":"https:\/\/www.kitaverbund-kalltal.de\/?s={search_term_string}"},"query-input":"required name=search_term_string"}],"inLanguage":"de"}]}},"jetpack_sharing_enabled":true,"_links":{"self":[{"href":"https:\/\/www.kitaverbund-kalltal.de\/index.php?rest_route=\/wp\/v2\/pages\/277","targetHints":{"allow":["GET"]}}],"collection":[{"href":"https:\/\/www.kitaverbund-kalltal.de\/index.php?rest_route=\/wp\/v2\/pages"}],"about":[{"href":"https:\/\/www.kitaverbund-kalltal.de\/index.php?rest_route=\/wp\/v2\/types\/page"}],"author":[{"embeddable":true,"href":"https:\/\/www.kitaverbund-kalltal.de\/index.php?rest_route=\/wp\/v2\/users\/1"}],"replies":[{"embeddable":true,"href":"https:\/\/www.kitaverbund-kalltal.de\/index.php?rest_route=%2Fwp%2Fv2%2Fcomments&post=277"}],"version-history":[{"count":19,"href":"https:\/\/www.kitaverbund-kalltal.de\/index.php?rest_route=\/wp\/v2\/pages\/277\/revisions"}],"predecessor-version":[{"id":864,"href":"https:\/\/www.kitaverbund-kalltal.de\/index.php?rest_route=\/wp\/v2\/pages\/277\/revisions\/864"}],"wp:attachment":[{"href":"https:\/\/www.kitaverbund-kalltal.de\/index.php?rest_route=%2Fwp%2Fv2%2Fmedia&parent=277"}],"curies":[{"name":"wp","href":"https:\/\/api.w.org\/{rel}","templated":true}]}}