{"id":11,"date":"2021-11-21T02:04:31","date_gmt":"2021-11-21T01:04:31","guid":{"rendered":"http:\/\/web1130.salomon.super-online.de\/wp\/?page_id=11"},"modified":"2024-03-21T17:13:38","modified_gmt":"2024-03-21T16:13:38","slug":"das-neue-museum-oeffnet-seine-tueren-2","status":"publish","type":"page","link":"https:\/\/www.kitaverbund-kalltal.de\/","title":{"rendered":"F\u00d6RDERVEREIN KITAVERBUND KALLTAL e.V."},"content":{"rendered":"\n<h2 class=\"wp-block-heading\">Hallo und herzlich willkommen<\/h2>\n\n\n\n<div class=\"wp-block-columns alignwide is-layout-flex wp-container-core-columns-is-layout-9d6595d7 wp-block-columns-is-layout-flex\">\n<div class=\"wp-block-column is-layout-flow wp-block-column-is-layout-flow\">\n<p>auf der Homepage des F\u00f6rdervereins Kitaverbund Kalltal e.V..<\/p>\n\n\n\n<p>Sch\u00f6n, dass du da bist!<\/p>\n<\/div>\n<\/div>\n\n\n\n<div class=\"wp-block-group is-nowrap is-layout-flex wp-container-core-group-is-layout-ad2f72ca wp-block-group-is-layout-flex\">\n<div class=\"wp-block-columns is-layout-flex wp-container-core-columns-is-layout-9d6595d7 wp-block-columns-is-layout-flex\">\n<div class=\"wp-block-column is-layout-flow wp-block-column-is-layout-flow\"><\/div>\n<\/div>\n<\/div>\n\n\n\n<div class=\"wp-block-group alignwide\"><div class=\"wp-block-group__inner-container is-layout-flow wp-block-group-is-layout-flow\"><\/div><\/div>\n\n\n\n<p>Ziel des F\u00f6rdervereins ist es, unsere beiden Kinderg\u00e4rten &#8222;Mandala&#8220; und &#8222;Fr\u00f6hliches Rabennest&#8220; zu unterst\u00fctzen und den Kindern den Kindergartenalltag zu versch\u00f6nern. <br>Mit vielf\u00e4ltigen Aktionen sammeln wir Geld, das direkt bei den Kindern ankommt.<br>So konnten wir bereits viele keine und gro\u00dfe w\u00fcnsche erf\u00fcllen.<\/p>\n\n\n\n<h2 class=\"wp-block-heading\">UNSERE BISHERIGEN ANSCHAFFUNGEN UND AKTIONEN<\/h2>\n\n\n\n<div class=\"fat-gallery fat-slider overflow-hidden fat-gallery-move nav-middle\" style=\"opacity: 0\" id=\"fat-gallery-container-69df6a494e4d4\">\n    <div class=\"slider-wrapper owl-carousel\">\n                <div class=\"fat-gallery-item hover-dir  fat-light-gallery\" data-gallery=\"564\" data-sub-html=\"#69df6a494f6e8\" data-src=\"http:\/\/kitaverbund-kalltal.de\/wp-content\/uploads\/DSC08707.jpg\"  data-index=\"2\">\n            <div class=\"fat-thumbnail \" data-width=\"475\"\n     data-height=\"475\" data-lazy-src=\"https:\/\/kitaverbund-kalltal.de\/wp-content\/uploads\/DSC08707-475x475.jpg\"\n     data-alt=\"Kletterhaus mit Spielkissen\"\n>\n    <a class=\"fat-image-clickable\" href=\"javascript:void(0)\"><\/a>\n            <img loading=\"lazy\" decoding=\"async\" width=\"475\" height=\"475\"\n             src=\"https:\/\/kitaverbund-kalltal.de\/wp-content\/uploads\/DSC08707-475x475.jpg\" alt=\"Kletterhaus mit Spielkissen\" \/>\n        <div class=\"fat-thumbnail-hover\">\n        <div class=\"fat-hover-outer\">\n            <div class=\"fat-hover-inner line-height-1\">\n                <div class=\"fat-gallery-icon\">\n                    <a href=\"http:\/\/kitaverbund-kalltal.de\/wp-content\/uploads\/DSC08707.jpg\" target=\"_blank\"  data-exthumbimage=\"http:\/\/kitaverbund-kalltal.de\/wp-content\/uploads\/DSC08707.jpg\"\n                       class=\"magnific-popup  mfp-image gallery-647\"\n                       data-gallery=\"647\"\n                       data-iframe = ''\n                       data-extra-title-link=\"\"\n                       data-excerpt = \"\"\n                       title=\"Kletterhaus mit Spielkissen\">\n                        <i class=\"fa fa-search\"><\/i>\n                    <\/a>\n                <\/div>\n                                    <div class=\"fat-gallery-title\">\n                                                    <a href=\"\" target=\"_blank\">\n                                <h5>Kletterhaus mit Spielkissen<\/h5>\n                            <\/a>\n                                            <\/div>\n                                                    <div class=\"fat-gallery-excerpt\">\n                                            <\/div>\n                            <\/div>\n        <\/div>\n    <\/div>\n<\/div>            <div id=\"69df6a494f6e8\" style=\"display: none\">\n                <div>Kletterhaus mit Spielkissen<\/div>\n                <div><\/div>\n            <\/div>\n        <\/div>\n                <div class=\"fat-gallery-item hover-dir  fat-light-gallery\" data-gallery=\"567\" data-sub-html=\"#69df6a494f875\" data-src=\"http:\/\/kitaverbund-kalltal.de\/wp-content\/uploads\/DSC08833.jpg\"  data-index=\"3\">\n            <div class=\"fat-thumbnail \" data-width=\"475\"\n     data-height=\"475\" data-lazy-src=\"https:\/\/kitaverbund-kalltal.de\/wp-content\/uploads\/DSC08833-475x475.jpg\"\n     data-alt=\"Holzpferd und Toniebox\"\n>\n    <a class=\"fat-image-clickable\" href=\"javascript:void(0)\"><\/a>\n            <img loading=\"lazy\" decoding=\"async\" width=\"475\" height=\"475\"\n             src=\"https:\/\/kitaverbund-kalltal.de\/wp-content\/uploads\/DSC08833-475x475.jpg\" alt=\"Holzpferd und Toniebox\" \/>\n        <div class=\"fat-thumbnail-hover\">\n        <div class=\"fat-hover-outer\">\n            <div class=\"fat-hover-inner line-height-1\">\n                <div class=\"fat-gallery-icon\">\n                    <a href=\"http:\/\/kitaverbund-kalltal.de\/wp-content\/uploads\/DSC08833.jpg\" target=\"_blank\"  data-exthumbimage=\"http:\/\/kitaverbund-kalltal.de\/wp-content\/uploads\/DSC08833.jpg\"\n                       class=\"magnific-popup  mfp-image gallery-647\"\n                       data-gallery=\"647\"\n                       data-iframe = ''\n                       data-extra-title-link=\"\"\n                       data-excerpt = \"\"\n                       title=\"Holzpferd und Toniebox\">\n                        <i class=\"fa fa-search\"><\/i>\n                    <\/a>\n                <\/div>\n                                    <div class=\"fat-gallery-title\">\n                                                    <a href=\"\" target=\"_blank\">\n                                <h5>Holzpferd und Toniebox<\/h5>\n                            <\/a>\n                                            <\/div>\n                                                    <div class=\"fat-gallery-excerpt\">\n                                            <\/div>\n                            <\/div>\n        <\/div>\n    <\/div>\n<\/div>            <div id=\"69df6a494f875\" style=\"display: none\">\n                <div>Holzpferd und Toniebox<\/div>\n                <div><\/div>\n            <\/div>\n        <\/div>\n                <div class=\"fat-gallery-item hover-dir  fat-light-gallery\" data-gallery=\"644\" data-sub-html=\"#69df6a494f9af\" data-src=\"http:\/\/kitaverbund-kalltal.de\/wp-content\/uploads\/DSC08907.jpg\"  data-index=\"4\">\n            <div class=\"fat-thumbnail \" data-width=\"475\"\n     data-height=\"475\" data-lazy-src=\"https:\/\/kitaverbund-kalltal.de\/wp-content\/uploads\/DSC08907-475x475.jpg\"\n     data-alt=\"Sitzgruppe\"\n>\n    <a class=\"fat-image-clickable\" href=\"javascript:void(0)\"><\/a>\n            <img loading=\"lazy\" decoding=\"async\" width=\"475\" height=\"475\"\n             src=\"https:\/\/kitaverbund-kalltal.de\/wp-content\/uploads\/DSC08907-475x475.jpg\" alt=\"Sitzgruppe\" \/>\n        <div class=\"fat-thumbnail-hover\">\n        <div class=\"fat-hover-outer\">\n            <div class=\"fat-hover-inner line-height-1\">\n                <div class=\"fat-gallery-icon\">\n                    <a href=\"http:\/\/kitaverbund-kalltal.de\/wp-content\/uploads\/DSC08907.jpg\" target=\"_blank\"  data-exthumbimage=\"http:\/\/kitaverbund-kalltal.de\/wp-content\/uploads\/DSC08907.jpg\"\n                       class=\"magnific-popup  mfp-image gallery-647\"\n                       data-gallery=\"647\"\n                       data-iframe = ''\n                       data-extra-title-link=\"\"\n                       data-excerpt = \"\"\n                       title=\"Sitzgruppe\">\n                        <i class=\"fa fa-search\"><\/i>\n                    <\/a>\n                <\/div>\n                                    <div class=\"fat-gallery-title\">\n                                                    <a href=\"\" target=\"_blank\">\n                                <h5>Sitzgruppe<\/h5>\n                            <\/a>\n                                            <\/div>\n                                                    <div class=\"fat-gallery-excerpt\">\n                                            <\/div>\n                            <\/div>\n        <\/div>\n    <\/div>\n<\/div>            <div id=\"69df6a494f9af\" style=\"display: none\">\n                <div>Sitzgruppe<\/div>\n                <div><\/div>\n            <\/div>\n        <\/div>\n                <div class=\"fat-gallery-item hover-dir  fat-light-gallery\" data-gallery=\"643\" data-sub-html=\"#69df6a494fad0\" data-src=\"http:\/\/kitaverbund-kalltal.de\/wp-content\/uploads\/DSC08903.jpg\"  data-index=\"5\">\n            <div class=\"fat-thumbnail \" data-width=\"475\"\n     data-height=\"475\" data-lazy-src=\"https:\/\/kitaverbund-kalltal.de\/wp-content\/uploads\/DSC08903-475x475.jpg\"\n     data-alt=\"Ritterburg\"\n>\n    <a class=\"fat-image-clickable\" href=\"javascript:void(0)\"><\/a>\n            <img loading=\"lazy\" decoding=\"async\" width=\"475\" height=\"475\"\n             src=\"https:\/\/kitaverbund-kalltal.de\/wp-content\/uploads\/DSC08903-475x475.jpg\" alt=\"Ritterburg\" \/>\n        <div class=\"fat-thumbnail-hover\">\n        <div class=\"fat-hover-outer\">\n            <div class=\"fat-hover-inner line-height-1\">\n                <div class=\"fat-gallery-icon\">\n                    <a href=\"http:\/\/kitaverbund-kalltal.de\/wp-content\/uploads\/DSC08903.jpg\" target=\"_blank\"  data-exthumbimage=\"http:\/\/kitaverbund-kalltal.de\/wp-content\/uploads\/DSC08903.jpg\"\n                       class=\"magnific-popup  mfp-image gallery-647\"\n                       data-gallery=\"647\"\n                       data-iframe = ''\n                       data-extra-title-link=\"\"\n                       data-excerpt = \"\"\n                       title=\"Ritterburg\">\n                        <i class=\"fa fa-search\"><\/i>\n                    <\/a>\n                <\/div>\n                                    <div class=\"fat-gallery-title\">\n                                                    <a href=\"\" target=\"_blank\">\n                                <h5>Ritterburg<\/h5>\n                            <\/a>\n                                            <\/div>\n                                                    <div class=\"fat-gallery-excerpt\">\n                                            <\/div>\n                            <\/div>\n        <\/div>\n    <\/div>\n<\/div>            <div id=\"69df6a494fad0\" style=\"display: none\">\n                <div>Ritterburg<\/div>\n                <div><\/div>\n            <\/div>\n        <\/div>\n                <div class=\"fat-gallery-item hover-dir  fat-light-gallery\" data-gallery=\"566\" data-sub-html=\"#69df6a494fbdc\" data-src=\"http:\/\/kitaverbund-kalltal.de\/wp-content\/uploads\/DSC08735.jpg\"  data-index=\"6\">\n            <div class=\"fat-thumbnail \" data-width=\"475\"\n     data-height=\"475\" data-lazy-src=\"https:\/\/kitaverbund-kalltal.de\/wp-content\/uploads\/DSC08735-475x475.jpg\"\n     data-alt=\"Fahrzeuge\"\n>\n    <a class=\"fat-image-clickable\" href=\"javascript:void(0)\"><\/a>\n            <img loading=\"lazy\" decoding=\"async\" width=\"475\" height=\"475\"\n             src=\"https:\/\/kitaverbund-kalltal.de\/wp-content\/uploads\/DSC08735-475x475.jpg\" alt=\"Fahrzeuge\" \/>\n        <div class=\"fat-thumbnail-hover\">\n        <div class=\"fat-hover-outer\">\n            <div class=\"fat-hover-inner line-height-1\">\n                <div class=\"fat-gallery-icon\">\n                    <a href=\"http:\/\/kitaverbund-kalltal.de\/wp-content\/uploads\/DSC08735.jpg\" target=\"_blank\"  data-exthumbimage=\"http:\/\/kitaverbund-kalltal.de\/wp-content\/uploads\/DSC08735.jpg\"\n                       class=\"magnific-popup  mfp-image gallery-647\"\n                       data-gallery=\"647\"\n                       data-iframe = ''\n                       data-extra-title-link=\"\"\n                       data-excerpt = \"\"\n                       title=\"Fahrzeuge\">\n                        <i class=\"fa fa-search\"><\/i>\n                    <\/a>\n                <\/div>\n                                    <div class=\"fat-gallery-title\">\n                                                    <a href=\"\" target=\"_blank\">\n                                <h5>Fahrzeuge<\/h5>\n                            <\/a>\n                                            <\/div>\n                                                    <div class=\"fat-gallery-excerpt\">\n                                            <\/div>\n                            <\/div>\n        <\/div>\n    <\/div>\n<\/div>            <div id=\"69df6a494fbdc\" style=\"display: none\">\n                <div>Fahrzeuge<\/div>\n                <div><\/div>\n            <\/div>\n        <\/div>\n                        <\/div>\n<\/div>\n<script type=\"text\/javascript\">\n    jQuery(document).ready(function () {\n        jQuery('.fat-gallery-item.hover-dir > div.fat-thumbnail').hoverdir();\n        FatGallery.initCarousel(\n            '69df6a494e4d4',\n            'magnificPopup',\n            true,\n            true,\n            5,\n            true,\n            true,\n            false,\n            3        );\n    })\n<\/script\/>\n\n\n\n\n<div style=\"height:100px\" aria-hidden=\"true\" class=\"wp-block-spacer\"><\/div>\n","protected":false},"excerpt":{"rendered":"<p>Hallo und herzlich willkommen auf der Homepage des F\u00f6rdervereins Kitaverbund Kalltal e.V.. Sch\u00f6n, dass du da bist! Ziel des F\u00f6rdervereins ist es, unsere beiden Kinderg\u00e4rten &#8222;Mandala&#8220; und &#8222;Fr\u00f6hliches Rabennest&#8220; zu unterst\u00fctzen und den Kindern den Kindergartenalltag zu versch\u00f6nern. Mit vielf\u00e4ltigen Aktionen sammeln wir Geld, das direkt bei den Kindern ankommt.So konnten wir bereits viele keine &hellip; <\/p>\n<p class=\"link-more\"><a href=\"https:\/\/www.kitaverbund-kalltal.de\/?attachment_id=566\" class=\"more-link\"><span class=\"screen-reader-text\">\u201eFahrzeuge\u201c<\/span> weiterlesen<\/a><\/p>\n","protected":false},"author":1,"featured_media":0,"parent":0,"menu_order":0,"comment_status":"closed","ping_status":"closed","template":"","meta":{"footnotes":""},"class_list":["post-11","page","type-page","status-publish","hentry"],"yoast_head":"<!-- This site is optimized with the Yoast SEO plugin v22.2 - https:\/\/yoast.com\/wordpress\/plugins\/seo\/ -->\n<title>F\u00d6RDERVEREIN KITAVERBUND KALLTAL e.V. - KiTaverbund Kalltal<\/title>\n<meta name=\"robots\" content=\"index, follow, max-snippet:-1, max-image-preview:large, max-video-preview:-1\" \/>\n<link rel=\"canonical\" href=\"https:\/\/www.kitaverbund-kalltal.de\/\" \/>\n<meta property=\"og:locale\" content=\"de_DE\" \/>\n<meta property=\"og:type\" content=\"article\" \/>\n<meta property=\"og:title\" content=\"F\u00d6RDERVEREIN KITAVERBUND KALLTAL e.V. - KiTaverbund Kalltal\" \/>\n<meta property=\"og:description\" content=\"Hallo und herzlich willkommen auf der Homepage des F\u00f6rdervereins Kitaverbund Kalltal e.V.. Sch\u00f6n, dass du da bist! Ziel des F\u00f6rdervereins ist es, unsere beiden Kinderg\u00e4rten &#8222;Mandala&#8220; und &#8222;Fr\u00f6hliches Rabennest&#8220; zu unterst\u00fctzen und den Kindern den Kindergartenalltag zu versch\u00f6nern. Mit vielf\u00e4ltigen Aktionen sammeln wir Geld, das direkt bei den Kindern ankommt.So konnten wir bereits viele keine &hellip; \u201eFahrzeuge\u201c weiterlesen\" \/>\n<meta property=\"og:url\" content=\"https:\/\/www.kitaverbund-kalltal.de\/\" \/>\n<meta property=\"og:site_name\" content=\"KiTaverbund Kalltal\" \/>\n<meta property=\"article:modified_time\" content=\"2024-03-21T16:13:38+00:00\" \/>\n<meta name=\"twitter:card\" content=\"summary_large_image\" \/>\n<meta name=\"twitter:label1\" content=\"Gesch\u00e4tzte Lesezeit\" \/>\n\t<meta name=\"twitter:data1\" content=\"1\u00a0Minute\" \/>\n<script type=\"application\/ld+json\" class=\"yoast-schema-graph\">{\"@context\":\"https:\/\/schema.org\",\"@graph\":[{\"@type\":\"WebPage\",\"@id\":\"https:\/\/www.kitaverbund-kalltal.de\/\",\"url\":\"https:\/\/www.kitaverbund-kalltal.de\/\",\"name\":\"F\u00d6RDERVEREIN KITAVERBUND KALLTAL e.V. - KiTaverbund Kalltal\",\"isPartOf\":{\"@id\":\"https:\/\/www.kitaverbund-kalltal.de\/#website\"},\"datePublished\":\"2021-11-21T01:04:31+00:00\",\"dateModified\":\"2024-03-21T16:13:38+00:00\",\"breadcrumb\":{\"@id\":\"https:\/\/www.kitaverbund-kalltal.de\/#breadcrumb\"},\"inLanguage\":\"de\",\"potentialAction\":[{\"@type\":\"ReadAction\",\"target\":[\"https:\/\/www.kitaverbund-kalltal.de\/\"]}]},{\"@type\":\"BreadcrumbList\",\"@id\":\"https:\/\/www.kitaverbund-kalltal.de\/#breadcrumb\",\"itemListElement\":[{\"@type\":\"ListItem\",\"position\":1,\"name\":\"Startseite\",\"item\":\"https:\/\/www.kitaverbund-kalltal.de\/\"},{\"@type\":\"ListItem\",\"position\":2,\"name\":\"F\u00d6RDERVEREIN KITAVERBUND KALLTAL e.V.\"}]},{\"@type\":\"WebSite\",\"@id\":\"https:\/\/www.kitaverbund-kalltal.de\/#website\",\"url\":\"https:\/\/www.kitaverbund-kalltal.de\/\",\"name\":\"Kitaverbund Kalltal\",\"description\":\"\",\"potentialAction\":[{\"@type\":\"SearchAction\",\"target\":{\"@type\":\"EntryPoint\",\"urlTemplate\":\"https:\/\/www.kitaverbund-kalltal.de\/?s={search_term_string}\"},\"query-input\":\"required name=search_term_string\"}],\"inLanguage\":\"de\"}]}<\/script>\n<!-- \/ Yoast SEO plugin. -->","yoast_head_json":{"title":"F\u00d6RDERVEREIN KITAVERBUND KALLTAL e.V. - KiTaverbund Kalltal","robots":{"index":"index","follow":"follow","max-snippet":"max-snippet:-1","max-image-preview":"max-image-preview:large","max-video-preview":"max-video-preview:-1"},"canonical":"https:\/\/www.kitaverbund-kalltal.de\/","og_locale":"de_DE","og_type":"article","og_title":"F\u00d6RDERVEREIN KITAVERBUND KALLTAL e.V. - KiTaverbund Kalltal","og_description":"Hallo und herzlich willkommen auf der Homepage des F\u00f6rdervereins Kitaverbund Kalltal e.V.. Sch\u00f6n, dass du da bist! Ziel des F\u00f6rdervereins ist es, unsere beiden Kinderg\u00e4rten &#8222;Mandala&#8220; und &#8222;Fr\u00f6hliches Rabennest&#8220; zu unterst\u00fctzen und den Kindern den Kindergartenalltag zu versch\u00f6nern. Mit vielf\u00e4ltigen Aktionen sammeln wir Geld, das direkt bei den Kindern ankommt.So konnten wir bereits viele keine &hellip; \u201eFahrzeuge\u201c weiterlesen","og_url":"https:\/\/www.kitaverbund-kalltal.de\/","og_site_name":"KiTaverbund Kalltal","article_modified_time":"2024-03-21T16:13:38+00:00","twitter_card":"summary_large_image","twitter_misc":{"Gesch\u00e4tzte Lesezeit":"1\u00a0Minute"},"schema":{"@context":"https:\/\/schema.org","@graph":[{"@type":"WebPage","@id":"https:\/\/www.kitaverbund-kalltal.de\/","url":"https:\/\/www.kitaverbund-kalltal.de\/","name":"F\u00d6RDERVEREIN KITAVERBUND KALLTAL e.V. - KiTaverbund Kalltal","isPartOf":{"@id":"https:\/\/www.kitaverbund-kalltal.de\/#website"},"datePublished":"2021-11-21T01:04:31+00:00","dateModified":"2024-03-21T16:13:38+00:00","breadcrumb":{"@id":"https:\/\/www.kitaverbund-kalltal.de\/#breadcrumb"},"inLanguage":"de","potentialAction":[{"@type":"ReadAction","target":["https:\/\/www.kitaverbund-kalltal.de\/"]}]},{"@type":"BreadcrumbList","@id":"https:\/\/www.kitaverbund-kalltal.de\/#breadcrumb","itemListElement":[{"@type":"ListItem","position":1,"name":"Startseite","item":"https:\/\/www.kitaverbund-kalltal.de\/"},{"@type":"ListItem","position":2,"name":"F\u00d6RDERVEREIN KITAVERBUND KALLTAL e.V."}]},{"@type":"WebSite","@id":"https:\/\/www.kitaverbund-kalltal.de\/#website","url":"https:\/\/www.kitaverbund-kalltal.de\/","name":"Kitaverbund Kalltal","description":"","potentialAction":[{"@type":"SearchAction","target":{"@type":"EntryPoint","urlTemplate":"https:\/\/www.kitaverbund-kalltal.de\/?s={search_term_string}"},"query-input":"required name=search_term_string"}],"inLanguage":"de"}]}},"jetpack_sharing_enabled":true,"_links":{"self":[{"href":"https:\/\/www.kitaverbund-kalltal.de\/index.php?rest_route=\/wp\/v2\/pages\/11","targetHints":{"allow":["GET"]}}],"collection":[{"href":"https:\/\/www.kitaverbund-kalltal.de\/index.php?rest_route=\/wp\/v2\/pages"}],"about":[{"href":"https:\/\/www.kitaverbund-kalltal.de\/index.php?rest_route=\/wp\/v2\/types\/page"}],"author":[{"embeddable":true,"href":"https:\/\/www.kitaverbund-kalltal.de\/index.php?rest_route=\/wp\/v2\/users\/1"}],"replies":[{"embeddable":true,"href":"https:\/\/www.kitaverbund-kalltal.de\/index.php?rest_route=%2Fwp%2Fv2%2Fcomments&post=11"}],"version-history":[{"count":78,"href":"https:\/\/www.kitaverbund-kalltal.de\/index.php?rest_route=\/wp\/v2\/pages\/11\/revisions"}],"predecessor-version":[{"id":833,"href":"https:\/\/www.kitaverbund-kalltal.de\/index.php?rest_route=\/wp\/v2\/pages\/11\/revisions\/833"}],"wp:attachment":[{"href":"https:\/\/www.kitaverbund-kalltal.de\/index.php?rest_route=%2Fwp%2Fv2%2Fmedia&parent=11"}],"curies":[{"name":"wp","href":"https:\/\/api.w.org\/{rel}","templated":true}]}}